{"id":60,"date":"2017-11-20T13:57:49","date_gmt":"2017-11-20T12:57:49","guid":{"rendered":"http:\/\/downloadcs16.pl\/?page_id=60"},"modified":"2022-02-14T17:46:02","modified_gmt":"2022-02-14T16:46:02","slug":"counter-strike-1-6-download-pobierz-cs-16-non-steam-za-darmo","status":"publish","type":"page","link":"https:\/\/downloadcs16.pl\/","title":{"rendered":"Counter-Strike 1.6 DOWNLOAD &#8211; Pobierz CS 1.6 Non-Steam za darmo!"},"content":{"rendered":"\n<h2 class=\"wp-block-heading\">CS 1.6 &#8211; opis gry<\/h2>\n\n\n\n<p><strong>Counter-Strike (CS) 1.6<\/strong> &#8211; wieloosobowa gra multiplayer typu FPS, stworzona przez Jessa &#8222;Cliffe&#8221; Cliffe&#8217;a i Minha &#8222;Gooseman&#8221; Le&#8217;a pod skrzyd\u0142ami Valve Corporation. Od momentu premiery w czerwcu 1999 roku pozostaje jedn\u0105 z najpopularniejszych strzelanek na ca\u0142ym \u015bwiecie.<\/p>\n\n\n\n<p>Pobieraj\u0105c Counter Strike 1.6 mo\u017cna przenie\u015b\u0107 si\u0119 do wirtualnego \u015bwiata zab\u00f3jstw, pistolet\u00f3w, bomb czy zak\u0142adnik\u00f3w. Gra odbywa si\u0119 przede wszystkim online, dlatego te\u017c zosta\u0142a dodana do steam. Dzi\u0119ki temu po dzie\u0144 dzisiejszy jest stale ulepszana oraz aktualizowana. Counter Strike 1.6 jest tak\u017ce wa\u017cnym elementem \u015bwiata e-sportowego, gdzie wiele dru\u017cyn z ca\u0142ego \u015bwiata rywalizuje ze sob\u0105.<\/p>\n\n\n\n<div class=\"wp-block-image\"><figure class=\"aligncenter size-large\"><img decoding=\"async\" loading=\"lazy\" width=\"800\" height=\"533\" src=\"https:\/\/downloadcs16.pl\/wp-content\/uploads\/2017\/09\/counter_strike_16_download_800.jpg\" alt=\"cs 1.6 download\" class=\"wp-image-36\" srcset=\"https:\/\/downloadcs16.pl\/wp-content\/uploads\/2017\/09\/counter_strike_16_download_800.jpg 800w, https:\/\/downloadcs16.pl\/wp-content\/uploads\/2017\/09\/counter_strike_16_download_800-300x200.jpg 300w, https:\/\/downloadcs16.pl\/wp-content\/uploads\/2017\/09\/counter_strike_16_download_800-768x512.jpg 768w\" sizes=\"(max-width: 800px) 100vw, 800px\" \/><figcaption>CS 1.6 &#8211; gra<\/figcaption><\/figure><\/div>\n\n\n\n<p>G\u0142\u00f3wn\u0105 fabu\u0142\u0105 gry jest wsparcie dru\u017cynowe, gdzie gracze podzieleni s\u0105 na dwie przeciwne do siebie dru\u017cyny. Nale\u017cy zadecydowa\u0107, czy chce si\u0119 stan\u0105\u0107 po stronie terroryst\u00f3w czy anty terroryst\u00f3w. Gra odzwierciedla rzeczywisto\u015b\u0107, dlatego wszelkie bronie oraz narz\u0119dzia operacyjne odwzorowane s\u0105 na prawdziwych przedmiotach.<\/p>\n\n\n\n<h2 class=\"wp-block-heading\">CS 1.6 &#8211; Download<\/h2>\n\n\n\n<div class=\"wp-block-image\"><figure class=\"aligncenter size-large\"><a href=\"https:\/\/pobierz.downloadcs16.pl\/cs16_v43.exe\"><img decoding=\"async\" loading=\"lazy\" width=\"414\" height=\"74\" src=\"https:\/\/downloadcs16.pl\/wp-content\/uploads\/2020\/04\/cs-16-2020.png\" alt=\"\" class=\"wp-image-155\" srcset=\"https:\/\/downloadcs16.pl\/wp-content\/uploads\/2020\/04\/cs-16-2020.png 414w, https:\/\/downloadcs16.pl\/wp-content\/uploads\/2020\/04\/cs-16-2020-300x54.png 300w\" sizes=\"(max-width: 414px) 100vw, 414px\" \/><\/a><figcaption>CS 1.6 [2020] &#8211; czysty instalator<\/figcaption><\/figure><\/div>\n\n\n\n<p>Rozgrywka rozpoczyna si\u0119 w miejscach startu obu dru\u017cyn. Gracze mog\u0105 zakupi\u0107 granaty, kamizelki, bro\u0144 oraz amunicj\u0119. Pieni\u0105dze w grze zdobywamy za zrealizowanie cel\u00f3w mapy, koniec rundy oraz za zab\u00f3jstwa.  W zale\u017cno\u015bci od mapy dru\u017cyny maj\u0105 zadania do wykonania, tj. pod\u0142o\u017cenie lub rozbrojenie bomby, uratowanie zak\u0142adnik\u00f3w czy przetransportowanie gracza VIP. Po zako\u0144czeniu rundy gracze odradzaj\u0105 si\u0119 w swoich respawnach, po czym kontynuuj\u0105 gr\u0119. Dru\u017cyna, kt\u00f3ra wygra wi\u0119ksz\u0105 ilo\u015b\u0107 rund wygrywa rozgrywk\u0119 na granej mapie. CS 1.6 gwarantuje tym samym wiele godzin gry, gdzie mo\u017cna stosowa\u0107 r\u00f3\u017cne strategie oraz taktyki. <\/p>\n\n\n\n<p>Mapy, na kt\u00f3rych mierz\u0105 si\u0119 gracze s\u0105 urozmaicone. W zale\u017cno\u015bci od cel\u00f3w gry, wyr\u00f3\u017cniamy nast\u0119puj\u0105ce rodzaje map:<\/p>\n\n\n\n<ul><li>de_ &#8211; mapy zwi\u0105zane z bomb\u0105. Dru\u017cyna terroryst\u00f3w ma za zadanie pod\u0142o\u017cenie bomby na specjalnym miejscu mapy oraz obron\u0105 bomby przed rozbrojeniem. Gracze Anty Terroryst\u00f3w maj\u0105 natomiast za zadanie nie dopu\u015bci\u0107 do jej pod\u0142o\u017cenia lub rozbroi\u0107 przed wybuchem. Wybuch bomby daje zwyci\u0119stwo dru\u017cynie Terroryst\u00f3w, rozbrojenie Anty Terrorystom. Innym sposobem na zwyci\u0119stwo to unicestwienie wszystkich wrog\u00f3w.<\/li><li>cs_ &#8211; mapy zwi\u0105zane z zak\u0142adnikami. Zadaniem Terroryst\u00f3w jest ochrona zak\u0142adnik\u00f3w przed ocaleniem, Anty Terroryst\u00f3w natomiast uwolnienie ich. Zwyci\u0119stwo daje tak\u017ce unicestwienie wszystkich wrog\u00f3w. <\/li><li>aim_ &#8211; szybka gra, gdzie bronie le\u017c\u0105 na ziemi oraz odleg\u0142o\u015bci mi\u0119dzy dru\u017cynami s\u0105 ma\u0142e. Dobre do treningu lub sprawdzenia si\u0119 w ma\u0142ych dru\u017cynach. <\/li><li>as _ &#8211; rozgrywka, gdzie trzeba ochrania\u0107 lub zabi\u0107 osob\u0119 VIP. Gracze Anty Terroryst\u00f3w maj\u0105 za zadanie ochroni\u0107 gracza VIP i przetransportowa\u0107 go do bezpiecznego miejsca. Gracze Terroryst\u00f3w za zadanie maj\u0105 zlikwidowa\u0107 VIP osob\u0119.<\/li><\/ul>\n\n\n\n<p>Gra oferuje tak\u017ce wiele r\u00f3\u017cnych tryb\u00f3w gier. Spotkamy je na prywatnych serwerach, gdzie modyfikacje s\u0105 ciekawe i dobrze dopracowane. Dla os\u00f3b, kt\u00f3rych znudzi\u0142 standardowy tryb gry to \u015bwietna odskocznia. Najpopularniejsze serwery do CS 16 to:<\/p>\n\n\n\n<ul><li>COD MOD &#8211; gra, gdzie na starcie wybieramy jak\u0105 klas\u0105 gramy. Na klasie zdobywamy levele, dzi\u0119ki kt\u00f3rym mo\u017cemy ulepsza\u0107 umiej\u0119tno\u015bci postaci. Serwery posiadaj\u0105 tak\u017ce przedmioty z bonusami, systemy gildii oraz sklepy czy markety. Na pewno nie da si\u0119 na takich serwerach nudzi\u0107. <\/li><li>GO:MOD &#8211; serwery odwzorowane na wersji gry Global Offensive. W grze mo\u017cna zdobywa\u0107 skiny, klucz oraz skrzynki. Oczywi\u015bcie nie mo\u017ce te\u017c zabrakn\u0105\u0107 skomplikowanych operacji oraz ciekawych misji. <\/li><li>ZOMBIE MOD &#8211; serwery do zabawy, gdzie jedna osoba jest zombie i ma za zadanie zarazi\u0107 innych graczy. Po zara\u017ceniu gracz zmienia si\u0119 w Zombie. Celem gry jest zabicie wszystkich zombie lub zara\u017cenie wszystkich graczy.<\/li><li>JAILBREAK &#8211; serwery odbiegaj\u0105ce od standardowej gry. Prowadz\u0105cy zabawy ma dost\u0119p do broni, natomiast inni gracze musz\u0105 s\u0142ucha\u0107 jego polece\u0144 lub wzi\u0105\u0107 udzia\u0142 w zabawach przez niego organizowanych. Przechytrz klawisza i ucieknij z wi\u0119zienia!<\/li><li>FFA &#8211; popularne serwery, gdzie gra jest dosy\u0107 podobna do standardowej. Tutaj jednak nie ma sztywno okre\u015blonych regu\u0142, najcz\u0119\u015bciej gramy aby zdoby\u0107 jak najwi\u0119cej punkt\u00f3w w tabeli wynik\u00f3w.<\/li><\/ul>\n\n\n\n<p>Gra posiada tak\u017ce szereg zalet, dzi\u0119ki naszej wiedzy przystosowana jest do niemal wszelkich warunk\u00f3w sprz\u0119towych graczy. Gra CS 1.6 posiada:<\/p>\n\n\n\n<ul><li>Najnowszy instalator gry 15.04.2020r. <\/li><li>Gra zabezpieczona przed niepo\u017c\u0105danymi oprogramowaniami. <\/li><li>Du\u017ca lista serwer\u00f3w dostosowana do wszelkich potrzeb gracza.<\/li><li>Nie wymaga kupna klucza\/oficjalnej wersji gry.<\/li><li>Dzia\u0142a na wszystkich systemach Windows\/Linux\/Vista.<\/li><li>Wiele oryginalnych oraz dodatkowych modeli i d\u017awi\u0119k\u00f3w<\/li><\/ul>\n\n\n\n<figure class=\"wp-block-gallery has-nested-images columns-default is-cropped wp-block-gallery-1 is-layout-flex\">\n<figure class=\"wp-block-image size-large\"><img decoding=\"async\" loading=\"lazy\" width=\"1024\" height=\"576\" data-id=\"125\"  src=\"https:\/\/downloadcs16.pl\/wp-content\/uploads\/2017\/12\/cs-16-download-10-1024x576.jpg\" alt=\"\" class=\"wp-image-125\" srcset=\"https:\/\/downloadcs16.pl\/wp-content\/uploads\/2017\/12\/cs-16-download-10-1024x576.jpg 1024w, https:\/\/downloadcs16.pl\/wp-content\/uploads\/2017\/12\/cs-16-download-10-300x169.jpg 300w, https:\/\/downloadcs16.pl\/wp-content\/uploads\/2017\/12\/cs-16-download-10-768x432.jpg 768w, https:\/\/downloadcs16.pl\/wp-content\/uploads\/2017\/12\/cs-16-download-10.jpg 1920w\" sizes=\"(max-width: 1024px) 100vw, 1024px\" \/><\/figure>\n\n\n\n<figure class=\"wp-block-image size-large\"><img decoding=\"async\" loading=\"lazy\" width=\"1024\" height=\"576\" data-id=\"124\"  src=\"https:\/\/downloadcs16.pl\/wp-content\/uploads\/2017\/12\/cs-16-download-9-1024x576.jpg\" alt=\"\" class=\"wp-image-124\" srcset=\"https:\/\/downloadcs16.pl\/wp-content\/uploads\/2017\/12\/cs-16-download-9-1024x576.jpg 1024w, https:\/\/downloadcs16.pl\/wp-content\/uploads\/2017\/12\/cs-16-download-9-300x169.jpg 300w, https:\/\/downloadcs16.pl\/wp-content\/uploads\/2017\/12\/cs-16-download-9-768x432.jpg 768w, https:\/\/downloadcs16.pl\/wp-content\/uploads\/2017\/12\/cs-16-download-9.jpg 1920w\" sizes=\"(max-width: 1024px) 100vw, 1024px\" \/><\/figure>\n\n\n\n<figure class=\"wp-block-image size-large\"><img decoding=\"async\" loading=\"lazy\" width=\"1024\" height=\"576\" data-id=\"123\"  src=\"https:\/\/downloadcs16.pl\/wp-content\/uploads\/2017\/12\/cs-16-download-8-1024x576.jpg\" alt=\"\" class=\"wp-image-123\" srcset=\"https:\/\/downloadcs16.pl\/wp-content\/uploads\/2017\/12\/cs-16-download-8-1024x576.jpg 1024w, https:\/\/downloadcs16.pl\/wp-content\/uploads\/2017\/12\/cs-16-download-8-300x169.jpg 300w, https:\/\/downloadcs16.pl\/wp-content\/uploads\/2017\/12\/cs-16-download-8-768x432.jpg 768w, https:\/\/downloadcs16.pl\/wp-content\/uploads\/2017\/12\/cs-16-download-8.jpg 1920w\" sizes=\"(max-width: 1024px) 100vw, 1024px\" \/><\/figure>\n\n\n\n<figure class=\"wp-block-image size-large\"><img decoding=\"async\" loading=\"lazy\" width=\"1024\" height=\"576\" data-id=\"122\"  src=\"https:\/\/downloadcs16.pl\/wp-content\/uploads\/2017\/12\/cs-16-download-7-1024x576.jpg\" alt=\"\" class=\"wp-image-122\" srcset=\"https:\/\/downloadcs16.pl\/wp-content\/uploads\/2017\/12\/cs-16-download-7-1024x576.jpg 1024w, https:\/\/downloadcs16.pl\/wp-content\/uploads\/2017\/12\/cs-16-download-7-300x169.jpg 300w, https:\/\/downloadcs16.pl\/wp-content\/uploads\/2017\/12\/cs-16-download-7-768x432.jpg 768w, https:\/\/downloadcs16.pl\/wp-content\/uploads\/2017\/12\/cs-16-download-7.jpg 1920w\" sizes=\"(max-width: 1024px) 100vw, 1024px\" \/><\/figure>\n\n\n\n<figure class=\"wp-block-image size-large\"><img decoding=\"async\" loading=\"lazy\" width=\"1024\" height=\"576\" data-id=\"121\"  src=\"https:\/\/downloadcs16.pl\/wp-content\/uploads\/2017\/12\/cs-16-download-6-1024x576.jpg\" alt=\"\" class=\"wp-image-121\" srcset=\"https:\/\/downloadcs16.pl\/wp-content\/uploads\/2017\/12\/cs-16-download-6-1024x576.jpg 1024w, https:\/\/downloadcs16.pl\/wp-content\/uploads\/2017\/12\/cs-16-download-6-300x169.jpg 300w, https:\/\/downloadcs16.pl\/wp-content\/uploads\/2017\/12\/cs-16-download-6-768x432.jpg 768w, https:\/\/downloadcs16.pl\/wp-content\/uploads\/2017\/12\/cs-16-download-6.jpg 1920w\" sizes=\"(max-width: 1024px) 100vw, 1024px\" \/><\/figure>\n\n\n\n<figure class=\"wp-block-image size-large\"><img decoding=\"async\" loading=\"lazy\" width=\"1024\" height=\"576\" data-id=\"120\"  src=\"https:\/\/downloadcs16.pl\/wp-content\/uploads\/2017\/12\/cs-16-download-5-1024x576.jpg\" alt=\"\" class=\"wp-image-120\" srcset=\"https:\/\/downloadcs16.pl\/wp-content\/uploads\/2017\/12\/cs-16-download-5-1024x576.jpg 1024w, https:\/\/downloadcs16.pl\/wp-content\/uploads\/2017\/12\/cs-16-download-5-300x169.jpg 300w, https:\/\/downloadcs16.pl\/wp-content\/uploads\/2017\/12\/cs-16-download-5-768x432.jpg 768w, https:\/\/downloadcs16.pl\/wp-content\/uploads\/2017\/12\/cs-16-download-5.jpg 1920w\" sizes=\"(max-width: 1024px) 100vw, 1024px\" \/><\/figure>\n\n\n\n<figure class=\"wp-block-image size-large\"><img decoding=\"async\" loading=\"lazy\" width=\"1024\" height=\"576\" data-id=\"119\"  src=\"https:\/\/downloadcs16.pl\/wp-content\/uploads\/2017\/12\/cs-16-download-4-1-1024x576.jpg\" alt=\"\" class=\"wp-image-119\" srcset=\"https:\/\/downloadcs16.pl\/wp-content\/uploads\/2017\/12\/cs-16-download-4-1-1024x576.jpg 1024w, https:\/\/downloadcs16.pl\/wp-content\/uploads\/2017\/12\/cs-16-download-4-1-300x169.jpg 300w, https:\/\/downloadcs16.pl\/wp-content\/uploads\/2017\/12\/cs-16-download-4-1-768x432.jpg 768w, https:\/\/downloadcs16.pl\/wp-content\/uploads\/2017\/12\/cs-16-download-4-1.jpg 1920w\" sizes=\"(max-width: 1024px) 100vw, 1024px\" \/><\/figure>\n\n\n\n<figure class=\"wp-block-image size-large\"><img decoding=\"async\" loading=\"lazy\" width=\"1024\" height=\"576\" data-id=\"118\"  src=\"https:\/\/downloadcs16.pl\/wp-content\/uploads\/2017\/12\/cs-16-download-3-1-1024x576.jpg\" alt=\"\" class=\"wp-image-118\" srcset=\"https:\/\/downloadcs16.pl\/wp-content\/uploads\/2017\/12\/cs-16-download-3-1-1024x576.jpg 1024w, https:\/\/downloadcs16.pl\/wp-content\/uploads\/2017\/12\/cs-16-download-3-1-300x169.jpg 300w, https:\/\/downloadcs16.pl\/wp-content\/uploads\/2017\/12\/cs-16-download-3-1-768x432.jpg 768w, https:\/\/downloadcs16.pl\/wp-content\/uploads\/2017\/12\/cs-16-download-3-1.jpg 1920w\" sizes=\"(max-width: 1024px) 100vw, 1024px\" \/><\/figure>\n\n\n\n<figure class=\"wp-block-image size-large\"><img decoding=\"async\" loading=\"lazy\" width=\"1024\" height=\"576\" data-id=\"117\"  src=\"https:\/\/downloadcs16.pl\/wp-content\/uploads\/2017\/12\/cs-16-download-2-1-1024x576.jpg\" alt=\"\" class=\"wp-image-117\" srcset=\"https:\/\/downloadcs16.pl\/wp-content\/uploads\/2017\/12\/cs-16-download-2-1-1024x576.jpg 1024w, https:\/\/downloadcs16.pl\/wp-content\/uploads\/2017\/12\/cs-16-download-2-1-300x169.jpg 300w, https:\/\/downloadcs16.pl\/wp-content\/uploads\/2017\/12\/cs-16-download-2-1-768x432.jpg 768w, https:\/\/downloadcs16.pl\/wp-content\/uploads\/2017\/12\/cs-16-download-2-1.jpg 1920w\" sizes=\"(max-width: 1024px) 100vw, 1024px\" \/><\/figure>\n<\/figure>\n\n\n\n<p>Jak ka\u017cda gra, CS 1.6 nie jest do ko\u0144ca wolny od nieuczciwych graczy. Gracze cz\u0119sto stosuj\u0105 nielegalne programy u\u0142atwiaj\u0105ce rozgrywk\u0119. Wielu z nich u\u017cywa programy do samodzielnego zabijania innych czy podgl\u0105dania przez \u015bciany. Z pewno\u015bci\u0105 psuje to istot\u0119 gry, lecz sta\u0142e aktualizacje oraz VAC system skutecznie redukuj\u0105 ilo\u015b\u0107 nieuczciwych graczy. <\/p>\n\n\n\n<p>CS 1.6 mimo up\u0142ywu lat cieszy si\u0119 nie tylko spor\u0105 ilo\u015bci\u0105 graczy ale tak\u017ce nagr\u00f3d. Gra zosta\u0142a wyr\u00f3\u017cniona kilkana\u015bcie razy w tym zosta\u0142a okrzykni\u0119ta gr\u0105 roku. Projekt z dum\u0105 jest kontynuowany, dzi\u0119ki czemu gracze w swoich albumach gier dalej na 1 miejscu maj\u0105 Counter Strike.<\/p>\n\n\n\n<p>Jednym z atut\u00f3w, kt\u00f3re przemawiaj\u0105 za t\u0105 legendarn\u0105 gr\u0105 z pewno\u015bci\u0105 jest fakt, \u017ce jest darmowa. Jest to du\u017cym plusem w dzisiejszych czasach, gdzie za gry trzeba p\u0142aci\u0107 lub nawet wykupywa\u0107 comiesi\u0119czne konta premium. Ma\u0142o tego &#8211; na wielu serwerach nowi gracze za darmo otrzymuj\u0105 konta VIP. Po pobraniu gry wystarczy j\u0105 zainstalowa\u0107 i mo\u017cna si\u0119 ju\u017c cieszy\u0107 z gry. Karta p\u0142atnicza czy PayPal nie s\u0105 tu potrzebne. <\/p>\n\n\n\n<p>Czas leci a graczy CS 1.6 przybywa. Dobra atmosfera, proste zasady gry, brak monotonno\u015bci i ci\u0105g\u0142a rywalizacja daj\u0105 ci\u0105g\u0142e natchnienie do dalszej gry. Najpopularniejsza gra FPS odwiedzana jest codziennie przez setki tysi\u0119cy graczy. Z up\u0142ywem czasu gra nie tylko da\u0142a wiele rozrywki graczom, ale r\u00f3wnie\u017c pozwoli\u0142a znale\u017a\u0107 nowe znajomo\u015bci. Du\u017co os\u00f3b stworzy\u0142o te\u017c swoje dru\u017cyny, by do dzi\u015b dawa\u0107 rado\u015b\u0107 fanom podczas rozgrywek e-sportowych. Nowe do\u015bwiadczenia z gry po aktualizacjach daj\u0105 za ka\u017cdym razem u\u015bmiech na twarzy, po czym skutkuj\u0105 setkami godzin sp\u0119dzonych na strzelaniu. Ci\u0119\u017cko o lepszy wyb\u00f3r dla graczy FPS ni\u017c gra Counter Strike 1.6.<\/p>\n\n\n\n<p>Wymagania&nbsp;sprz\u0119towe CS 1.6 wersja PC:<\/p>\n\n\n\n<ul><li>System operacyjny komputera: Windows XP | Vista | 7 | 8 | 10.<\/li><li>Procesor: Intel Core 2 Duo E6600 | Pentium II 400 MHz lub lepszy.<\/li><li>Karta graficzna: 256 (lub wi\u0119cej) MB pami\u0119ci, DirectX 9.<\/li><li>Pami\u0119\u0107 RAM: 1 GB lub wi\u0119cej Windows XP | 2 GB lub wi\u0119cej Windows Vista | 7.<\/li><li>Pojemno\u015b\u0107 na dysku: 3,4 GB.<\/li><\/ul>\n\n\n\n<p>Umieszczona na stronie strzelanka online Counter-Strike 1.6 jest  instalatorem cyfrowej gry z wersji Steam, kt\u00f3ry do zainstalowania potrzebuje oryginalnej kopii gry Half-Life \/ Counter-Strike. Oficjalna gra dost\u0119pna jest na markecie i kosztuje 50 z\u0142. Jednak je\u015bli nie masz a\u017c tylu \u015brodk\u00f3w lub nie chcesz ich przeznacza\u0107 na gr\u0119 &#8211; pobierz gr\u0119 z tej strony za darmo.<\/p>\n","protected":false},"excerpt":{"rendered":"<p>CS 1.6 &#8211; opis gry Counter-Strike (CS) 1.6 &#8211; wieloosobowa gra multiplayer typu FPS, stworzona przez Jessa &#8222;Cliffe&#8221; Cliffe&#8217;a i Minha &#8222;Gooseman&#8221; Le&#8217;a pod skrzyd\u0142ami Valve Corporation. Od momentu premiery w czerwcu 1999 roku pozostaje jedn\u0105 z najpopularniejszych strzelanek na ca\u0142ym \u015bwiecie. Pobieraj\u0105c Counter Strike 1.6 mo\u017cna przenie\u015b\u0107 si\u0119 do wirtualnego \u015bwiata zab\u00f3jstw, pistolet\u00f3w, bomb [&hellip;]<\/p>\n","protected":false},"author":1,"featured_media":0,"parent":0,"menu_order":0,"comment_status":"closed","ping_status":"closed","template":"","meta":[],"aioseo_notices":[],"_links":{"self":[{"href":"https:\/\/downloadcs16.pl\/index.php\/wp-json\/wp\/v2\/pages\/60"}],"collection":[{"href":"https:\/\/downloadcs16.pl\/index.php\/wp-json\/wp\/v2\/pages"}],"about":[{"href":"https:\/\/downloadcs16.pl\/index.php\/wp-json\/wp\/v2\/types\/page"}],"author":[{"embeddable":true,"href":"https:\/\/downloadcs16.pl\/index.php\/wp-json\/wp\/v2\/users\/1"}],"replies":[{"embeddable":true,"href":"https:\/\/downloadcs16.pl\/index.php\/wp-json\/wp\/v2\/comments?post=60"}],"version-history":[{"count":30,"href":"https:\/\/downloadcs16.pl\/index.php\/wp-json\/wp\/v2\/pages\/60\/revisions"}],"predecessor-version":[{"id":190,"href":"https:\/\/downloadcs16.pl\/index.php\/wp-json\/wp\/v2\/pages\/60\/revisions\/190"}],"wp:attachment":[{"href":"https:\/\/downloadcs16.pl\/index.php\/wp-json\/wp\/v2\/media?parent=60"}],"curies":[{"name":"wp","href":"https:\/\/api.w.org\/{rel}","templated":true}]}}